{"id":40,"date":"2013-11-04T17:02:20","date_gmt":"2013-11-04T15:02:20","guid":{"rendered":"http:\/\/www.feuerfuchs-brandschutz.de\/?page_id=40"},"modified":"2022-09-12T10:22:46","modified_gmt":"2022-09-12T08:22:46","slug":"ihr-partner-in-sachen-ortsfeste-loeschanlagen","status":"publish","type":"page","link":"https:\/\/www.feuerfuchs-brandschutz.de\/","title":{"rendered":"Ihr Partner in Sachen ortsfeste L\u00f6schanlagen"},"content":{"rendered":"<p>Die Feuerfuchs Brandschutz GmbH, befasst sich mit der Lieferung, Montage sowie Service und Wartung von ortsfesten Feuerl\u00f6schanlagen.<\/p>\n<p>Wir \u00fcbernehmen im gesamten Bundesgebiet Planung und Installation von ortsfesten Feuerl\u00f6schanlagen.<\/p>\n<p>Service- und Wartungsdienste, Instandhaltung und Reparaturen an Sprinkleranlagen\u00a0 \u00fcbernehmen wir bundesweit.<\/p>\n<p><a href=\"http:\/\/www.feuerfuchs-brandschutz.de\/wp-content\/uploads\/2022\/09\/9001SprinklerSchaumSpruehwasser.jpg\"><img loading=\"lazy\" class=\"alignnone  wp-image-109\" src=\"http:\/\/www.feuerfuchs-brandschutz.de\/wp-content\/uploads\/2022\/09\/9001SprinklerSchaumSpruehwasser-300x61.jpg\" alt=\"\" width=\"255\" height=\"60\" \/><\/a><\/p>\n<p>Wir sind eine Vds anerkannte Errichterfirma f\u00fcr Feuerl\u00f6sch- anlagen, Sprinkleranlagen, Spr\u00fchflutanlagen inkl. optionaler Zumischung von filmbildenen Schaummitteln.<br \/>\nAnerkennungsnummer: E4130130 E7210093<\/p>\n<p>Die Firma Feuerfuchs Brandschutz GmbH ist DIN EN ISO 9001 zertifiziert<\/p>\n","protected":false},"excerpt":{"rendered":"<p>Die Feuerfuchs Brandschutz GmbH, befasst sich mit der Lieferung, Montage sowie Service und Wartung von ortsfesten Feuerl\u00f6schanlagen. Wir \u00fcbernehmen im gesamten Bundesgebiet Planung und Installation von ortsfesten Feuerl\u00f6schanlagen. Service- und Wartungsdienste, Instandhaltung und Reparaturen an Sprinkleranlagen\u00a0 \u00fcbernehmen wir bundesweit. Wir &hellip; <a href=\"https:\/\/www.feuerfuchs-brandschutz.de\/\">Weiterlesen <span class=\"meta-nav\">&rarr;<\/span><\/a><\/p>\n","protected":false},"author":1,"featured_media":0,"parent":0,"menu_order":0,"comment_status":"closed","ping_status":"closed","template":"","meta":[],"_links":{"self":[{"href":"https:\/\/www.feuerfuchs-brandschutz.de\/index.php?rest_route=\/wp\/v2\/pages\/40"}],"collection":[{"href":"https:\/\/www.feuerfuchs-brandschutz.de\/index.php?rest_route=\/wp\/v2\/pages"}],"about":[{"href":"https:\/\/www.feuerfuchs-brandschutz.de\/index.php?rest_route=\/wp\/v2\/types\/page"}],"author":[{"embeddable":true,"href":"https:\/\/www.feuerfuchs-brandschutz.de\/index.php?rest_route=\/wp\/v2\/users\/1"}],"replies":[{"embeddable":true,"href":"https:\/\/www.feuerfuchs-brandschutz.de\/index.php?rest_route=%2Fwp%2Fv2%2Fcomments&post=40"}],"version-history":[{"count":6,"href":"https:\/\/www.feuerfuchs-brandschutz.de\/index.php?rest_route=\/wp\/v2\/pages\/40\/revisions"}],"predecessor-version":[{"id":112,"href":"https:\/\/www.feuerfuchs-brandschutz.de\/index.php?rest_route=\/wp\/v2\/pages\/40\/revisions\/112"}],"wp:attachment":[{"href":"https:\/\/www.feuerfuchs-brandschutz.de\/index.php?rest_route=%2Fwp%2Fv2%2Fmedia&parent=40"}],"curies":[{"name":"wp","href":"https:\/\/api.w.org\/{rel}","templated":true}]}}